{"id":74789,"date":"2023-11-11T15:59:43","date_gmt":"2023-11-11T14:59:43","guid":{"rendered":"https:\/\/gardasee-inside.de\/shop\/local-products-from-lake-garda-and-italy\/spreads-crema-pate\/"},"modified":"2024-08-05T21:09:03","modified_gmt":"2024-08-05T19:09:03","slug":"spreads-crema-pate","status":"publish","type":"page","link":"https:\/\/gardasee-inside.de\/en\/shop\/local-products\/spreads-crema-pate\/","title":{"rendered":"Spreads \/ Crema \/ Pat\u00e8"},"content":{"rendered":"<p>[et_pb_section fb_built=&#8221;1&#8243; _builder_version=&#8221;4.23&#8243; _module_preset=&#8221;default&#8221; top_divider_style=&#8221;wave2&#8243; top_divider_color=&#8221;rgba(251,201,87,0.42)&#8221; bottom_divider_style=&#8221;wave2&#8243; bottom_divider_color=&#8221;rgba(251,201,87,0.42)&#8221; global_colors_info=&#8221;{}&#8221;][et_pb_row _builder_version=&#8221;4.23&#8243; _module_preset=&#8221;default&#8221; custom_margin=&#8221;30px||||false|false&#8221; global_colors_info=&#8221;{}&#8221;][et_pb_column type=&#8221;4_4&#8243; _builder_version=&#8221;4.23&#8243; _module_preset=&#8221;default&#8221; global_colors_info=&#8221;{}&#8221;][et_pb_text admin_label=&#8221;Look Inside Title&#8221; _builder_version=&#8221;4.27.0&#8243; text_font=&#8221;||||&#8221; text_text_color=&#8221;#1a1a1a&#8221; header_font=&#8221;Oswald|on||on|&#8221; header_text_align=&#8221;center&#8221; header_font_size=&#8221;60px&#8221; header_line_height=&#8221;1.3em&#8221; header_2_font=&#8221;Oswald|700||on|||||&#8221; header_2_text_align=&#8221;center&#8221; header_2_font_size=&#8221;60px&#8221; header_2_line_height=&#8221;1.3em&#8221; background_size=&#8221;initial&#8221; background_position=&#8221;top_left&#8221; background_repeat=&#8221;repeat&#8221; max_width=&#8221;450%&#8221; module_alignment=&#8221;center&#8221; custom_margin=&#8221;||35px|||&#8221; custom_padding=&#8221;|||&#8221; animation_style=&#8221;slide&#8221; animation_direction=&#8221;top&#8221; animation_intensity_slide=&#8221;10%&#8221; header_font_tablet=&#8221;Oswald|on||on|&#8221; header_font_phone=&#8221;Oswald|on||on|&#8221; header_font_last_edited=&#8221;on|phone&#8221; header_font_size_tablet=&#8221;60px&#8221; header_font_size_phone=&#8221;25px&#8221; header_font_size_last_edited=&#8221;on|phone&#8221; locked=&#8221;off&#8221; global_colors_info=&#8221;{}&#8221;]<\/p>\n<h1>Spreads, cr\u00e9ma and pat\u00e8<\/h1>\n<p>[\/et_pb_text][lwp_divi_breadcrumbs home_text=&#8221;Start&#8221; _builder_version=&#8221;4.23&#8243; _module_preset=&#8221;default&#8221; module_font_size=&#8221;18px&#8221; global_colors_info=&#8221;{}&#8221;][\/lwp_divi_breadcrumbs][\/et_pb_column][\/et_pb_row][et_pb_row column_structure=&#8221;1_4,3_4&#8243; _builder_version=&#8221;4.25.1&#8243; _module_preset=&#8221;default&#8221; custom_margin=&#8221;||20px||false|false&#8221; global_colors_info=&#8221;{}&#8221;][et_pb_column type=&#8221;1_4&#8243; _builder_version=&#8221;4.23&#8243; _module_preset=&#8221;default&#8221; global_colors_info=&#8221;{}&#8221;][et_pb_text disabled_on=&#8221;on|off|off&#8221; _builder_version=&#8221;4.27.0&#8243; _module_preset=&#8221;default&#8221; header_3_font_size=&#8221;30px&#8221; global_colors_info=&#8221;{}&#8221;]<\/p>\n<h3>Categories<\/h3>\n<p>[\/et_pb_text][et_pb_menu menu_id=&#8221;104&#8243; _builder_version=&#8221;4.25.1&#8243; _module_preset=&#8221;default&#8221; menu_text_color=&#8221;#000000&#8243; menu_font_size=&#8221;19px&#8221; menu_line_height=&#8221;1.1em&#8221; width=&#8221;70%&#8221; module_alignment=&#8221;left&#8221; custom_margin=&#8221;||||false|false&#8221; custom_padding=&#8221;||||false|false&#8221; global_colors_info=&#8221;{}&#8221; menu_text_color__hover_enabled=&#8221;on|hover&#8221; menu_text_color__hover=&#8221;#fbab45&#8243;][\/et_pb_menu][\/et_pb_column][et_pb_column type=&#8221;3_4&#8243; _builder_version=&#8221;4.23&#8243; _module_preset=&#8221;default&#8221; global_colors_info=&#8221;{}&#8221;][et_pb_text _builder_version=&#8221;4.27.0&#8243; _module_preset=&#8221;default&#8221; global_colors_info=&#8221;{}&#8221;]<\/p>\n<p>Spreads, cr\u00e9mas and pat\u00e9s &#8211; Discover the world of spreads, cr\u00e9mas and pat\u00e9s in our online store.<\/p>\n<p>Here you will find an exquisite selection that invites your palate on a tasteful journey. Our <a href=\"https:\/\/gardasee-inside.de\/en\/?p=75009\">pistachio cream<\/a>, with its nutty and slightly sweet note, is perfect for lovers of fine flavors. <a href=\"#Cremes\">Read more&#8230;<\/a><\/p>\n<p>[\/et_pb_text][et_pb_shop type=&#8221;product_category&#8221; posts_number=&#8221;9&#8243; show_pagination=&#8221;on&#8221; include_categories=&#8221;193&#8243; columns_number=&#8221;3&#8243; orderby=&#8221;date-desc&#8221; _builder_version=&#8221;4.25.1&#8243; _module_preset=&#8221;default&#8221; price_font=&#8221;|700|||||||&#8221; price_text_color=&#8221;#000000&#8243; price_font_size=&#8221;17px&#8221; price_line_height=&#8221;35px&#8221; global_colors_info=&#8221;{}&#8221;][\/et_pb_shop][et_pb_text module_id=&#8221;Cremes&#8221; _builder_version=&#8221;4.27.0&#8243; _module_preset=&#8221;default&#8221; global_colors_info=&#8221;{}&#8221;]<\/p>\n<p>For fans of Mediterranean flavors, we offer olive cream, which is made from carefully selected olives and guarantees an authentic taste.<\/p>\n<p>Our artichoke cream is a delicacy for anyone who likes something a little heartier. It combines the fresh and slightly tart note of artichokes with a creamy texture.<\/p>\n<p>Our sun-dried tomato cream is also a must for every gourmet. It impresses with its intense tomato flavor and pleasant spiciness.<\/p>\n<p>Each of our products is made from high-quality ingredients and is ideal for enhancing your dishes or enjoying as a delicious spread. Browse through our selection now and find your favorite!<\/p>\n<p>[\/et_pb_text][\/et_pb_column][\/et_pb_row][et_pb_row _builder_version=&#8221;4.23&#8243; _module_preset=&#8221;default&#8221; custom_margin=&#8221;|auto|40px|auto||&#8221; global_colors_info=&#8221;{}&#8221;][et_pb_column type=&#8221;4_4&#8243; _builder_version=&#8221;4.23&#8243; _module_preset=&#8221;default&#8221; global_colors_info=&#8221;{}&#8221;][et_pb_button button_url=&#8221;https:\/\/gardasee-inside.de\/en\/cart\/&#8221; button_text=&#8221;Show shopping cart&#8221; button_alignment=&#8221;left&#8221; _builder_version=&#8221;4.23&#8243; _module_preset=&#8221;default&#8221; custom_button=&#8221;on&#8221; button_text_color=&#8221;#FFFFFF&#8221; button_bg_color=&#8221;#fbab45&#8243; button_border_color=&#8221;#fbab45&#8243; button_border_radius=&#8221;10px&#8221; button_letter_spacing=&#8221;0px&#8221; button_icon=&#8221;&#xe07a;||divi||400&#8243; button_on_hover=&#8221;off&#8221; custom_padding=&#8221;|65px||65px|false|true&#8221; global_colors_info=&#8221;{}&#8221; button_border_color__hover_enabled=&#8221;on|hover&#8221; button_border_color__hover=&#8221;#000000&#8243;][\/et_pb_button][\/et_pb_column][\/et_pb_row][\/et_pb_section]<\/p>\n","protected":false},"excerpt":{"rendered":"<p>Spreads, cr\u00e9ma and pat\u00e8<div class=\"et_pb_module lwp_divi_breadcrumbs lwp_divi_breadcrumbs_0\">\n\t\t\t\t\n\t\t\t\t\n\t\t\t\t\n\t\t\t\t\n\t\t\t\t\n\t\t\t\t\n\t\t\t\t<div class=\"et_pb_module_inner\">\n\t\t\t\t\t<div class=\"lwp-breadcrumbs\"> <span class=\"before\"><\/span> <span vocab=\"https:\/\/schema.org\/\" typeof=\"BreadcrumbList\"><span property=\"itemListElement\" typeof=\"ListItem\"><a property=\"item\" typeof=\"WebPage\" href=\"https:\/\/gardasee-inside.de\/en\/\" class=\"home\"><span property=\"name\">Start<\/span><\/a><meta property=\"position\" content=\"1\"><\/span> <span class=\"separator et-pb-icon\">&#x39;<\/span> <\/span><\/div>\n\t\t\t\t<\/div>\n\t\t\t<\/div>CategoriesSpreads, cr\u00e9mas and pat\u00e9s &#8211; Discover the world of spreads, cr\u00e9mas and pat\u00e9s in our online store. Here you will find an exquisite selection that invites your palate on a tasteful journey. Our pistachio cream, with its nutty and slightly sweet note, is perfect for lovers of [&hellip;]<\/p>\n","protected":false},"author":3,"featured_media":0,"parent":74740,"menu_order":0,"comment_status":"closed","ping_status":"closed","template":"","meta":{"_et_pb_use_builder":"on","_et_pb_old_content":"","_et_gb_content_width":"","footnotes":""},"difl_page_category":[],"class_list":["post-74789","page","type-page","status-publish","hentry"],"_links":{"self":[{"href":"https:\/\/gardasee-inside.de\/en\/wp-json\/wp\/v2\/pages\/74789","targetHints":{"allow":["GET"]}}],"collection":[{"href":"https:\/\/gardasee-inside.de\/en\/wp-json\/wp\/v2\/pages"}],"about":[{"href":"https:\/\/gardasee-inside.de\/en\/wp-json\/wp\/v2\/types\/page"}],"author":[{"embeddable":true,"href":"https:\/\/gardasee-inside.de\/en\/wp-json\/wp\/v2\/users\/3"}],"replies":[{"embeddable":true,"href":"https:\/\/gardasee-inside.de\/en\/wp-json\/wp\/v2\/comments?post=74789"}],"version-history":[{"count":0,"href":"https:\/\/gardasee-inside.de\/en\/wp-json\/wp\/v2\/pages\/74789\/revisions"}],"up":[{"embeddable":true,"href":"https:\/\/gardasee-inside.de\/en\/wp-json\/wp\/v2\/pages\/74740"}],"wp:attachment":[{"href":"https:\/\/gardasee-inside.de\/en\/wp-json\/wp\/v2\/media?parent=74789"}],"wp:term":[{"taxonomy":"difl_page_category","embeddable":true,"href":"https:\/\/gardasee-inside.de\/en\/wp-json\/wp\/v2\/difl_page_category?post=74789"}],"curies":[{"name":"wp","href":"https:\/\/api.w.org\/{rel}","templated":true}]}}